{"id":296,"date":"2017-10-30T09:31:35","date_gmt":"2017-10-30T09:31:35","guid":{"rendered":"https:\/\/ceccararad.ro\/ro\/?page_id=296"},"modified":"2025-01-20T10:23:50","modified_gmt":"2025-01-20T08:23:50","slug":"efectuarea-stagiului","status":"publish","type":"page","link":"https:\/\/ceccararad.ro\/ro\/membri\/cum-devin-membru-ceccar\/efectuarea-stagiului\/","title":{"rendered":"Efectuarea stagiului"},"content":{"rendered":"<p>Efectuarea stagiului<\/p>\n<p><i><a href=\"https:\/\/ceccar.ro\/ro\/wp-content\/uploads\/2024\/02\/Procedura-privind-sustinerea-evaluarilor-si-reevaluarilor-din-timpul-stagiului.pdf\">Procedura de stagiu<\/a><\/i><\/p>\n<p><a href=\"https:\/\/ceccar.ro\/ro\/wp-content\/uploads\/2024\/02\/Procedura-privind-sustinerea-evaluarilor-si-reevaluarilor-din-timpul-stagiului.pdf\" data-toggle=\"tab\"><br \/>\nReglement\u0103ri privind efectuarea stagiului \u015fi examenul de aptitudini \u00een vederea accesului la calitatea de expert contabil \u015fi de contabil autorizat<\/a><br \/>\n<a title=\"Regulament stagiu\" href=\"https:\/\/ceccararad.ro\/ro\/wp-content\/uploads\/2018\/10\/regulament_stagiu_aptitudini.pdf\" target=\"_blank\" rel=\"noopener\">Regulament privind efectuarea stagiului \u015fi examenul de aptitudini \u00een vederea accesului la calitatea de expert contabil \u015fi de contabil autorizat<\/a><a title=\"Modificari Regulament stagiu\" href=\"https:\/\/ceccararad.ro\/ro\/wp-content\/uploads\/2018\/10\/Modificari-regulament-stagiu.pdf\" target=\"_blank\" rel=\"noopener\">Hot\u0103r\u00e2re pentru modificarea \u015fi completarea Regulamentului privind efectuarea stagiului \u015fi examenul de aptitudini \u00een vederea accesului la calitatea de expert contabil \u015fi de contabil autorizat, aprobat prin Hot\u0103r\u00e2rea Consiliului Superior al Corpului Exper\u0163ilor Contabili \u015fi Contabililor Autoriza\u0163i din Rom\u00e2nia nr. 00\/33\/2000<\/a><\/p>\n<p><!-- 210e460c23ee85b2fd9dc85859815bcc --><\/p>\n","protected":false},"excerpt":{"rendered":"<p>Efectuarea stagiului Procedura de stagiu Reglement\u0103ri privind efectuarea stagiului \u015fi examenul de aptitudini \u00een vederea accesului la calitatea de expert contabil \u015fi de contabil autorizat Regulament privind efectuarea stagiului \u015fi examenul de aptitudini \u00een vederea [&hellip;]<\/p>\n","protected":false},"author":1,"featured_media":0,"parent":288,"menu_order":0,"comment_status":"closed","ping_status":"closed","template":"visual-builder-template.php","meta":{"footnotes":""},"class_list":["post-296","page","type-page","status-publish","hentry"],"brizy_media":[],"_links":{"self":[{"href":"https:\/\/ceccararad.ro\/ro\/wp-json\/wp\/v2\/pages\/296","targetHints":{"allow":["GET"]}}],"collection":[{"href":"https:\/\/ceccararad.ro\/ro\/wp-json\/wp\/v2\/pages"}],"about":[{"href":"https:\/\/ceccararad.ro\/ro\/wp-json\/wp\/v2\/types\/page"}],"author":[{"embeddable":true,"href":"https:\/\/ceccararad.ro\/ro\/wp-json\/wp\/v2\/users\/1"}],"replies":[{"embeddable":true,"href":"https:\/\/ceccararad.ro\/ro\/wp-json\/wp\/v2\/comments?post=296"}],"version-history":[{"count":2,"href":"https:\/\/ceccararad.ro\/ro\/wp-json\/wp\/v2\/pages\/296\/revisions"}],"predecessor-version":[{"id":6926,"href":"https:\/\/ceccararad.ro\/ro\/wp-json\/wp\/v2\/pages\/296\/revisions\/6926"}],"up":[{"embeddable":true,"href":"https:\/\/ceccararad.ro\/ro\/wp-json\/wp\/v2\/pages\/288"}],"wp:attachment":[{"href":"https:\/\/ceccararad.ro\/ro\/wp-json\/wp\/v2\/media?parent=296"}],"curies":[{"name":"wp","href":"https:\/\/api.w.org\/{rel}","templated":true}]}}